{"id":118,"date":"2023-12-06T03:48:58","date_gmt":"2023-12-06T03:48:58","guid":{"rendered":"https:\/\/balthazars.helliumagency.com\/?page_id=118"},"modified":"2026-04-06T12:59:02","modified_gmt":"2026-04-06T12:59:02","slug":"menu","status":"publish","type":"page","link":"https:\/\/cafecenc.nl\/site\/en\/menu\/","title":{"rendered":"Menu"},"content":{"rendered":"<p><\/p>\n<p style=\"text-align: center;\">LUNCH &amp; DINNER from 12.00<\/p>\n<p style=\"text-align: center;\"><strong>BREAD (12.00 till 16.00)<\/strong><\/p>\n<p>Shrimp croquettes with celeriac tartar sauce and toast 14,50<\/p>\n<p>Porchetta with our mustard, capers and fennel 13,50<\/p>\n<p>Strata with caramelized onions, gruy\u00e8re and salsa verde 12,50<\/p>\n<p style=\"text-align: center;\"><strong>SNACKS (12.00 till late)<\/strong><\/p>\n<p>Oeuf mayonaise with mackerel 7,-<\/p>\n<p>Prawn heads with sesame a\u00efoli and pimenton 6,-<\/p>\n<p>Lomo 8,50<\/p>\n<p>Canned olives with anchovies 5,-<\/p>\n<p>Bread and butter 4,50<\/p>\n<p>Mussels with sauce au poivre vert 12,50<\/p>\n<p>Fish beignets with lemon mayonnaise 11,-<\/p>\n<p>Petongles with sesame hollandaise and basil (per piece) 4,-<\/p>\n<p>Cheese with plum butter 11,50<\/p>\n<p style=\"text-align: center;\"><strong>MENU 45,50 (starter + main + dessert) \/ 12.00 till late<\/strong><\/p>\n<p style=\"text-align: center;\"><strong>Starters (14,50 \u00e0 la carte)<\/strong><\/p>\n<p>Brioche with prawn, lemon marmalade and cr\u00e8me fra\u00eeche<\/p>\n<p>Leek vinaigrette with ricotta and dukkah<\/p>\n<p>Pat\u00e9 de campagne with Balthazar\u2019s mosterd<\/p>\n<p>Gravad lax with pickled red onion, dill and cr\u00e8me fra\u00eeche<\/p>\n<p style=\"text-align: center;\"><strong>Main 24,50 (\u00e0 la carte)\u00a0<\/strong><\/p>\n<p>Fish with caramelized fennel, tomatoes, olives, harissa and new potatoes<\/p>\n<p>Poulet Jaune with pointed cabbagge, pur\u00e9e and a tarragon sauce<\/p>\n<p>White asparagus with lentils, a pasta sheet and a tom kha beurre blanc<\/p>\n<p style=\"text-align: center;\"><strong>Dessert 9,50 (\u00e0 la carte)<\/strong><\/p>\n<p>Pat\u00e9 \u00e0 choux with spicy soft serve and caramel beurre sal\u00e9<\/p>\n<p>Chocolate nemesis with nutmeg<\/p>\n<p>Affogato with spicy soft serve<\/p>\n<p style=\"text-align: center;\"><strong>CHEESE 11,50<\/strong><\/p>\n<p><\/p>","protected":false},"excerpt":{"rendered":"<p>LUNCH &amp; DINNER from 12.00 BREAD (12.00 till 16.00) Shrimp croquettes with celeriac tartar sauce and toast 14,50 Porchetta with [&hellip;]<\/p>\n","protected":false},"author":1,"featured_media":777,"parent":0,"menu_order":0,"comment_status":"closed","ping_status":"closed","template":"page-nohome.php","meta":{"footnotes":""},"class_list":["post-118","page","type-page","status-publish","has-post-thumbnail","hentry"],"_links":{"self":[{"href":"https:\/\/cafecenc.nl\/site\/en\/wp-json\/wp\/v2\/pages\/118","targetHints":{"allow":["GET"]}}],"collection":[{"href":"https:\/\/cafecenc.nl\/site\/en\/wp-json\/wp\/v2\/pages"}],"about":[{"href":"https:\/\/cafecenc.nl\/site\/en\/wp-json\/wp\/v2\/types\/page"}],"author":[{"embeddable":true,"href":"https:\/\/cafecenc.nl\/site\/en\/wp-json\/wp\/v2\/users\/1"}],"replies":[{"embeddable":true,"href":"https:\/\/cafecenc.nl\/site\/en\/wp-json\/wp\/v2\/comments?post=118"}],"version-history":[{"count":130,"href":"https:\/\/cafecenc.nl\/site\/en\/wp-json\/wp\/v2\/pages\/118\/revisions"}],"predecessor-version":[{"id":812,"href":"https:\/\/cafecenc.nl\/site\/en\/wp-json\/wp\/v2\/pages\/118\/revisions\/812"}],"wp:featuredmedia":[{"embeddable":true,"href":"https:\/\/cafecenc.nl\/site\/en\/wp-json\/wp\/v2\/media\/777"}],"wp:attachment":[{"href":"https:\/\/cafecenc.nl\/site\/en\/wp-json\/wp\/v2\/media?parent=118"}],"curies":[{"name":"wp","href":"https:\/\/api.w.org\/{rel}","templated":true}]}}