{"id":130,"date":"2023-12-06T12:47:12","date_gmt":"2023-12-06T12:47:12","guid":{"rendered":"https:\/\/balthazars.helliumagency.com\/?page_id=130"},"modified":"2025-12-05T12:03:07","modified_gmt":"2025-12-05T12:03:07","slug":"wijnkaart","status":"publish","type":"page","link":"https:\/\/cafecenc.nl\/site\/en\/wijnkaart\/","title":{"rendered":"Wines"},"content":{"rendered":"<p><\/p>\n<table width=\"521\">\n<tbody>\n<tr>\n<td width=\"435\"><strong>house wine<\/strong><\/td>\n<td width=\"37\"><strong>glass<\/strong><\/td>\n<td width=\"9\"><\/td>\n<td width=\"40\"><strong>bottle<\/strong><\/td>\n<\/tr>\n<tr>\n<td>CENC cider, rode appels en druiven, minho, portugal<\/td>\n<td>6<\/td>\n<td><\/td>\n<td>38<\/td>\n<\/tr>\n<tr>\n<td>CENC wit, loureiro, minho, portugal<\/td>\n<td>5,5<\/td>\n<td><\/td>\n<td>37<\/td>\n<\/tr>\n<tr>\n<td>CENC oranje, moscatel branco, douro, portugal<\/td>\n<td>6,5<\/td>\n<td><\/td>\n<td>42<\/td>\n<\/tr>\n<tr>\n<td>CENC rood, tinta franca\/tinta fransesca\/moscatel, douro, portugal\u00a0\u00a0\u00a0\u00a0\u00a0\u00a0 (gekoeld)<\/td>\n<td>5,5<\/td>\n<td><\/td>\n<td>37<\/td>\n<\/tr>\n<tr>\n<td><\/td>\n<td><\/td>\n<td><\/td>\n<td><\/td>\n<\/tr>\n<tr>\n<td><strong>white<\/strong><\/td>\n<td><\/td>\n<td><\/td>\n<td><\/td>\n<\/tr>\n<tr>\n<td><em>fresh<\/em><\/td>\n<td><\/td>\n<td><\/td>\n<td><\/td>\n<\/tr>\n<tr>\n<td>touraine 2024, sauvignon blanc, chateau de la presle, loire, frankrijk<\/td>\n<td><\/td>\n<td><\/td>\n<td>42<\/td>\n<\/tr>\n<tr>\n<td>riesling 2024, riesling, neiss, pfalz, duitsland<\/td>\n<td>7,75<\/td>\n<td><\/td>\n<td>46,5<\/td>\n<\/tr>\n<tr>\n<td>aligot\u00e9 2023, aligot\u00e9, jean-marie bouzereau, bourgogne, frankrijk<\/td>\n<td><\/td>\n<td><\/td>\n<td>49,5<\/td>\n<\/tr>\n<tr>\n<td><\/td>\n<td><\/td>\n<td><\/td>\n<td><\/td>\n<\/tr>\n<tr>\n<td><em>fruity<\/em><\/td>\n<td><\/td>\n<td><\/td>\n<td><\/td>\n<\/tr>\n<tr>\n<td>catarratto 2024, catarratto, due terre, alcamo, sicili\u00eb<\/td>\n<td><\/td>\n<td><\/td>\n<td>44,-<\/td>\n<\/tr>\n<tr>\n<td>vermentino 2024, vermentino, terenzuola, toscane, itali\u00eb<\/td>\n<td>8,60<\/td>\n<td><\/td>\n<td>51,5<\/td>\n<\/tr>\n<tr>\n<td>riesling 2024, riesling, d\u00f6nnhoff, nahe, duitsland<\/td>\n<td><\/td>\n<td><\/td>\n<td>59,5<\/td>\n<\/tr>\n<tr>\n<td>rivage 2023, chenin blanc, santo et rousseau-petit, loire, frankrijk<\/td>\n<td><\/td>\n<td><\/td>\n<td>62,5<\/td>\n<\/tr>\n<tr>\n<td><\/td>\n<td><\/td>\n<td><\/td>\n<td><\/td>\n<\/tr>\n<tr>\n<td><em>full bodied<\/em><\/td>\n<td><\/td>\n<td><\/td>\n<td><\/td>\n<\/tr>\n<tr>\n<td>rioja barrique 2021, viura, finca nueva, rioja, spanje<\/td>\n<td><\/td>\n<td><\/td>\n<td>44,5<\/td>\n<\/tr>\n<tr>\n<td>aorivola 2022, falanghina, i cacciagalli, campania, itali\u00eb<\/td>\n<td>8,35<\/td>\n<td><\/td>\n<td>50<\/td>\n<\/tr>\n<tr>\n<td>lama dei corvi 2023, chardonnay, rivera, puglia, itali\u00eb<\/td>\n<td>8,75<\/td>\n<td><\/td>\n<td>52,5<\/td>\n<\/tr>\n<tr>\n<td>versante est 2023, carricante, eduardo torres, etna, sicili\u00eb<\/td>\n<td><\/td>\n<td><\/td>\n<td>67,5<\/td>\n<\/tr>\n<tr>\n<td>bourgogne blanc 2023, chardonnay, jean-marie bouzereau, meursault, frankrijk<\/td>\n<td><\/td>\n<td><\/td>\n<td>62,5<\/td>\n<\/tr>\n<tr>\n<td>montombra 2019, xarello en malvasia, mas cand\u00ec, pened\u00e8s, spanje<\/td>\n<td><\/td>\n<td><\/td>\n<td>90<\/td>\n<\/tr>\n<tr>\n<td><\/td>\n<td><\/td>\n<td><\/td>\n<td><\/td>\n<\/tr>\n<tr>\n<td><strong>orange<\/strong><\/td>\n<td><\/td>\n<td><\/td>\n<td><\/td>\n<\/tr>\n<tr>\n<td><em>fresh &amp; fruity<\/em><\/td>\n<td><\/td>\n<td><\/td>\n<td><\/td>\n<\/tr>\n<tr>\n<td>zibibbo 2024, muscat d&#8217;alexandri\u00eb, vino lauria, sicili\u00eb, itali\u00eb<\/td>\n<td>7,5<\/td>\n<td><\/td>\n<td>45<\/td>\n<\/tr>\n<tr>\n<td>ovella negra 2024, garnaxta blanca\/malvasia, ramon jan\u00e9, pened\u00e8s, spanje<\/td>\n<td><\/td>\n<td><\/td>\n<td>51,5<\/td>\n<\/tr>\n<tr>\n<td>son llebre 2024, giro ros\/malvasia\/premsal, cat\u00ec ribot, mallorca<\/td>\n<td><\/td>\n<td><\/td>\n<td>55,5<\/td>\n<\/tr>\n<tr>\n<td><\/td>\n<td><\/td>\n<td><\/td>\n<td><\/td>\n<\/tr>\n<tr>\n<td><em>structured<\/em><\/td>\n<td><\/td>\n<td><\/td>\n<td><\/td>\n<\/tr>\n<tr>\n<td>radice 2023, catarratto, vino lauria, sicili\u00eb, itali\u00eb<\/td>\n<td><\/td>\n<td><\/td>\n<td>51,5<\/td>\n<\/tr>\n<tr>\n<td>zagreo 2021, fiano, i cacciagalli, campania, itali\u00eb<\/td>\n<td><\/td>\n<td><\/td>\n<td>59,5<\/td>\n<\/tr>\n<tr>\n<td>rebula 2019, ribolla gialla, klinec, brda, sloveni\u00eb<\/td>\n<td><\/td>\n<td><\/td>\n<td>79,5<\/td>\n<\/tr>\n<\/tbody>\n<\/table>\n<table style=\"height: 1210px;\" width=\"519\">\n<tbody>\n<tr style=\"height: 24px;\">\n<td style=\"height: 24px;\" width=\"435\"><strong>radikon, friuli, italy<\/strong><\/td>\n<td style=\"height: 24px;\" width=\"35\"><\/td>\n<td style=\"height: 24px;\" width=\"9\"><\/td>\n<td style=\"height: 24px;\" width=\"40\"><\/td>\n<\/tr>\n<tr style=\"height: 24px;\">\n<td style=\"height: 24px;\"><em>fruity<\/em><\/td>\n<td style=\"height: 24px;\"><\/td>\n<td style=\"height: 24px;\"><\/td>\n<td style=\"height: 24px;\"><\/td>\n<\/tr>\n<tr style=\"height: 24px;\">\n<td style=\"height: 24px;\">slatnik 2021 0,75lt., chardonnay 80 + tokaj friulano 20<\/td>\n<td style=\"height: 24px;\"><\/td>\n<td style=\"height: 24px;\"><\/td>\n<td style=\"height: 24px;\">70<\/td>\n<\/tr>\n<tr style=\"height: 24px;\">\n<td style=\"height: 24px;\">jakot 2018 0,5lt, tokaj friulano<\/td>\n<td style=\"height: 24px;\"><\/td>\n<td style=\"height: 24px;\"><\/td>\n<td style=\"height: 24px;\">76<\/td>\n<\/tr>\n<tr style=\"height: 24px;\">\n<td style=\"height: 24px;\">jakot 2008 0,5lt, tokaj friulano<\/td>\n<td style=\"height: 24px;\"><\/td>\n<td style=\"height: 24px;\"><\/td>\n<td style=\"height: 24px;\">82,5<\/td>\n<\/tr>\n<tr style=\"height: 24px;\">\n<td style=\"height: 24px;\"><em>fresh<\/em><\/td>\n<td style=\"height: 24px;\"><\/td>\n<td style=\"height: 24px;\"><\/td>\n<td style=\"height: 24px;\"><\/td>\n<\/tr>\n<tr style=\"height: 24px;\">\n<td style=\"height: 24px;\">sivi 2021 0,75lt., pinot grigio<\/td>\n<td style=\"height: 24px;\"><\/td>\n<td style=\"height: 24px;\"><\/td>\n<td style=\"height: 24px;\">70<\/td>\n<\/tr>\n<tr style=\"height: 48px;\">\n<td style=\"height: 48px;\">oslavje 2019 0,5lt, pinot grigio + chardonnay + sauvignon blanc<\/td>\n<td style=\"height: 48px;\"><\/td>\n<td style=\"height: 48px;\"><\/td>\n<td style=\"height: 48px;\">77,5<\/td>\n<\/tr>\n<tr style=\"height: 48px;\">\n<td style=\"height: 48px;\">oslavje 2007 0,5lt, pinot grigio + chardonnay + sauvignon blanc<\/td>\n<td style=\"height: 48px;\"><\/td>\n<td style=\"height: 48px;\"><\/td>\n<td style=\"height: 48px;\">82,5<\/td>\n<\/tr>\n<tr style=\"height: 24px;\">\n<td style=\"height: 24px;\"><em>structured<\/em><\/td>\n<td style=\"height: 24px;\"><\/td>\n<td style=\"height: 24px;\"><\/td>\n<td style=\"height: 24px;\"><\/td>\n<\/tr>\n<tr style=\"height: 24px;\">\n<td style=\"height: 24px;\">ribolla 2018 0,5lt, ribolla gialla<\/td>\n<td style=\"height: 24px;\"><\/td>\n<td style=\"height: 24px;\"><\/td>\n<td style=\"height: 24px;\">76<\/td>\n<\/tr>\n<tr style=\"height: 24px;\">\n<td style=\"height: 24px;\">ribolla 2008 0,5lt, ribolla gialla<\/td>\n<td style=\"height: 24px;\"><\/td>\n<td style=\"height: 24px;\"><\/td>\n<td style=\"height: 24px;\">82,5<\/td>\n<\/tr>\n<tr style=\"height: 24px;\">\n<td style=\"height: 24px;\">rood<\/td>\n<td style=\"height: 24px;\"><\/td>\n<td style=\"height: 24px;\"><\/td>\n<td style=\"height: 24px;\"><\/td>\n<\/tr>\n<tr style=\"height: 24px;\">\n<td style=\"height: 24px;\">pop rosso 2023 0,75lt., merlot + cabernet sauvignon<\/td>\n<td style=\"height: 24px;\"><\/td>\n<td style=\"height: 24px;\"><\/td>\n<td style=\"height: 24px;\">57,5<\/td>\n<\/tr>\n<tr style=\"height: 24px;\">\n<td style=\"height: 24px;\"><\/td>\n<td style=\"height: 24px;\"><\/td>\n<td style=\"height: 24px;\"><\/td>\n<td style=\"height: 24px;\"><\/td>\n<\/tr>\n<tr style=\"height: 24px;\">\n<td style=\"height: 24px;\"><strong>red<\/strong><\/td>\n<td style=\"height: 24px;\"><\/td>\n<td style=\"height: 24px;\"><\/td>\n<td style=\"height: 24px;\"><\/td>\n<\/tr>\n<tr style=\"height: 24px;\">\n<td style=\"height: 24px;\"><em>light &amp; fruity<\/em><\/td>\n<td style=\"height: 24px;\"><\/td>\n<td style=\"height: 24px;\"><\/td>\n<td style=\"height: 24px;\"><\/td>\n<\/tr>\n<tr style=\"height: 48px;\">\n<td style=\"height: 48px;\">herrigoia 2023, tempranillo\/viura\/malvasia, el mozo, rioja, spanje<\/td>\n<td style=\"height: 48px;\"><\/td>\n<td style=\"height: 48px;\"><\/td>\n<td style=\"height: 48px;\">39<\/td>\n<\/tr>\n<tr style=\"height: 24px;\">\n<td style=\"height: 24px;\">frappato 2024, frappato, due terre, alcamo, sicili\u00eb<\/td>\n<td style=\"height: 24px;\">7,5<\/td>\n<td style=\"height: 24px;\"><\/td>\n<td style=\"height: 24px;\">45<\/td>\n<\/tr>\n<tr style=\"height: 48px;\">\n<td style=\"height: 48px;\">sp\u00e4tburgunder 2021, sp\u00e4tburgunder, neiss, pfalz, duitsland<\/td>\n<td style=\"height: 48px;\"><\/td>\n<td style=\"height: 48px;\"><\/td>\n<td style=\"height: 48px;\">50<\/td>\n<\/tr>\n<tr style=\"height: 48px;\">\n<td style=\"height: 48px;\">la houle 2023, gamay\/grolleau, santo en rousseau-petit, loire, frankrijk<\/td>\n<td style=\"height: 48px;\"><\/td>\n<td style=\"height: 48px;\"><\/td>\n<td style=\"height: 48px;\">60<\/td>\n<\/tr>\n<tr style=\"height: 48px;\">\n<td style=\"height: 48px;\">quota nave 2019, nerello mascalese\/grenache\/carricante, e. torres, etna, sicili\u00eb<\/td>\n<td style=\"height: 48px;\"><\/td>\n<td style=\"height: 48px;\"><\/td>\n<td style=\"height: 48px;\">62,5<\/td>\n<\/tr>\n<tr style=\"height: 24px;\">\n<td style=\"height: 24px;\"><\/td>\n<td style=\"height: 24px;\"><\/td>\n<td style=\"height: 24px;\"><\/td>\n<td style=\"height: 24px;\"><\/td>\n<\/tr>\n<tr style=\"height: 24px;\">\n<td style=\"height: 24px;\"><em>fruity &amp; structured<\/em><\/td>\n<td style=\"height: 24px;\"><\/td>\n<td style=\"height: 24px;\"><\/td>\n<td style=\"height: 24px;\"><\/td>\n<\/tr>\n<tr style=\"height: 48px;\">\n<td style=\"height: 48px;\">saal 2021, cabernet franc\/merlot\/pinot noir, sot de l&#8217;ange, loire, frankrijk<\/td>\n<td style=\"height: 48px;\">7<\/td>\n<td style=\"height: 48px;\"><\/td>\n<td style=\"height: 48px;\">44,5<\/td>\n<\/tr>\n<tr style=\"height: 48px;\">\n<td style=\"height: 48px;\">mille 2023, aglianico\/piedirosso, i caccigalli, campania, itali\u00eb<\/td>\n<td style=\"height: 48px;\"><\/td>\n<td style=\"height: 48px;\"><\/td>\n<td style=\"height: 48px;\">47,5<\/td>\n<\/tr>\n<tr style=\"height: 58px;\">\n<td style=\"height: 58px;\">\n<table>\n<tbody>\n<tr>\n<td width=\"435\">chianti 2023, sangiovese\/canaiolo, corzano e paterno, toscane, itali\u00eb<\/td>\n<\/tr>\n<\/tbody>\n<\/table>\n<\/td>\n<td style=\"height: 58px;\">8,5<\/td>\n<td style=\"height: 58px;\"><\/td>\n<td style=\"height: 58px;\">51<\/td>\n<\/tr>\n<tr style=\"height: 48px;\">\n<td style=\"height: 48px;\">planella 2022, carrignan\/grenache, joan d&#8217;anguera, montsant, spanje<\/td>\n<td style=\"height: 48px;\">8,95<\/td>\n<td style=\"height: 48px;\"><\/td>\n<td style=\"height: 48px;\">53,50<\/td>\n<\/tr>\n<tr style=\"height: 48px;\">\n<td style=\"height: 48px;\">langhe nebbiolo 2023, nebbiolo, elio altare, pi\u00ebmonte, itali\u00eb<\/td>\n<td style=\"height: 48px;\"><\/td>\n<td style=\"height: 48px;\"><\/td>\n<td style=\"height: 48px;\">61,50<\/td>\n<\/tr>\n<tr style=\"height: 24px;\">\n<td style=\"height: 24px;\">juli\u00e9nas 2023, gamay, obora, beaujolais, frankrijk<\/td>\n<td style=\"height: 24px;\"><\/td>\n<td style=\"height: 24px;\"><\/td>\n<td style=\"height: 24px;\">63,5<\/td>\n<\/tr>\n<tr style=\"height: 48px;\">\n<td style=\"height: 48px;\">meursault 2021, pinot noir, jean-marie bouzereau, meursault, frankrijk<\/td>\n<td style=\"height: 48px;\"><\/td>\n<td style=\"height: 48px;\"><\/td>\n<td style=\"height: 48px;\">86,5<\/td>\n<\/tr>\n<tr style=\"height: 24px;\">\n<td style=\"height: 24px;\"><\/td>\n<td style=\"height: 24px;\"><\/td>\n<td style=\"height: 24px;\"><\/td>\n<td style=\"height: 24px;\"><\/td>\n<\/tr>\n<tr style=\"height: 24px;\">\n<td style=\"height: 24px;\"><em>full bodied &amp; rich<\/em><\/td>\n<td style=\"height: 24px;\"><\/td>\n<td style=\"height: 24px;\"><\/td>\n<td style=\"height: 24px;\"><\/td>\n<\/tr>\n<tr style=\"height: 48px;\">\n<td style=\"height: 48px;\">finca l&#8217;argata 2019, garnaxta, joan d&#8217;anguera, montsant, spanje<\/td>\n<td style=\"height: 48px;\"><\/td>\n<td style=\"height: 48px;\"><\/td>\n<td style=\"height: 48px;\">65<\/td>\n<\/tr>\n<tr style=\"height: 48px;\">\n<td style=\"height: 48px;\">rosso toscana 2018, sangiovese, pian dell&#8217;orino, toscane, itali\u00eb<\/td>\n<td style=\"height: 48px;\"><\/td>\n<td style=\"height: 48px;\"><\/td>\n<td style=\"height: 48px;\">71,5<\/td>\n<\/tr>\n<tr style=\"height: 24px;\">\n<td style=\"height: 24px;\">gi\u00e0rborina 2018, nebbiolo, elio altare, pi\u00ebmonte, itali\u00eb<\/td>\n<td style=\"height: 24px;\"><\/td>\n<td style=\"height: 24px;\"><\/td>\n<td style=\"height: 24px;\">115<\/td>\n<\/tr>\n<\/tbody>\n<\/table>\n<p>&nbsp;<\/p>","protected":false},"excerpt":{"rendered":"<p>house wine glass bottle CENC cider, rode appels en druiven, minho, portugal 6 38 CENC wit, loureiro, minho, portugal 5,5 [&hellip;]<\/p>\n","protected":false},"author":1,"featured_media":774,"parent":0,"menu_order":0,"comment_status":"closed","ping_status":"closed","template":"page-nohome.php","meta":{"footnotes":""},"class_list":["post-130","page","type-page","status-publish","has-post-thumbnail","hentry"],"_links":{"self":[{"href":"https:\/\/cafecenc.nl\/site\/en\/wp-json\/wp\/v2\/pages\/130","targetHints":{"allow":["GET"]}}],"collection":[{"href":"https:\/\/cafecenc.nl\/site\/en\/wp-json\/wp\/v2\/pages"}],"about":[{"href":"https:\/\/cafecenc.nl\/site\/en\/wp-json\/wp\/v2\/types\/page"}],"author":[{"embeddable":true,"href":"https:\/\/cafecenc.nl\/site\/en\/wp-json\/wp\/v2\/users\/1"}],"replies":[{"embeddable":true,"href":"https:\/\/cafecenc.nl\/site\/en\/wp-json\/wp\/v2\/comments?post=130"}],"version-history":[{"count":83,"href":"https:\/\/cafecenc.nl\/site\/en\/wp-json\/wp\/v2\/pages\/130\/revisions"}],"predecessor-version":[{"id":766,"href":"https:\/\/cafecenc.nl\/site\/en\/wp-json\/wp\/v2\/pages\/130\/revisions\/766"}],"wp:featuredmedia":[{"embeddable":true,"href":"https:\/\/cafecenc.nl\/site\/en\/wp-json\/wp\/v2\/media\/774"}],"wp:attachment":[{"href":"https:\/\/cafecenc.nl\/site\/en\/wp-json\/wp\/v2\/media?parent=130"}],"curies":[{"name":"wp","href":"https:\/\/api.w.org\/{rel}","templated":true}]}}