{"id":118,"date":"2023-12-06T03:48:58","date_gmt":"2023-12-06T03:48:58","guid":{"rendered":"https:\/\/balthazars.helliumagency.com\/?page_id=118"},"modified":"2026-04-06T12:59:02","modified_gmt":"2026-04-06T12:59:02","slug":"menu","status":"publish","type":"page","link":"https:\/\/cafecenc.nl\/site\/menu\/","title":{"rendered":"Menu"},"content":{"rendered":"<p><\/p>\n<p style=\"text-align: center;\">LUNCH &amp; DINER vanaf 12.00<\/p>\n<p style=\"text-align: center;\"><strong>BROOD (12.00 tot 16.00)<\/strong><\/p>\n<p>Garnalenkroketten met knolselderij remoulade en toast 14,50<\/p>\n<p>Porchetta met mosterd, kappertjes en venkel 13,50<\/p>\n<p>Strata met gekarameliseerde ui, gruy\u00e8re en salsa verde 12,50<\/p>\n<p>Mosselen met groene pepersaus en brood 14,50<\/p>\n<p style=\"text-align: center;\"><strong>SNACKS (12.00 tot laat)<\/strong><\/p>\n<p>Oeuf mayonaise met gerookte makreel 7,-<\/p>\n<p>Garnalenkoppen met sesama\u00efoli en pimenton 6,-<\/p>\n<p>Bordje lomo 8,50<\/p>\n<p>Blikje olijven met ansjovis 5,-<\/p>\n<p>Brood met boter 4,50<\/p>\n<p>Mosselen met sauce au poivre vert 12,50<\/p>\n<p>Visbeignets 11,-<\/p>\n<p>Petongles met sesam hollandaise en basilicum (per stuk) 4,-<\/p>\n<p>Kaas met pruimenstroop 11,50<\/p>\n<p style=\"text-align: center;\"><strong>MENU 45,50 (voor + hoofd + dessert) \/ 12.00 tot laat<\/strong><\/p>\n<p style=\"text-align: center;\"><strong>Voor (14,50 \u00e0 la carte prijs)<\/strong><\/p>\n<p>Brioche met garnalen, citroenmarmelade en cr\u00e8me fra\u00eeche<\/p>\n<p>Prei vinaigrette met ricotta en dukkah<\/p>\n<p>Pat\u00e9 de campagne met Balthazar\u2019s mosterd<\/p>\n<p>Gravad lax met ingelegde rode ui, dille en cr\u00e8me fra\u00eeche<\/p>\n<p style=\"text-align: center;\"><strong>Hoofd 24,50 (\u00e0 la carte prijs)\u00a0<\/strong><\/p>\n<p>Vis met gekarameliseerde venkel, tomaat, olijven, harissa en krieltjes<\/p>\n<p>Maiskip met gebakken spitskool, sauce estragon en aardappelpur\u00e9e<\/p>\n<p>Witte asperges met linzen, een pasta-vel en tom kha beurre blanc<\/p>\n<p style=\"text-align: center;\"><strong>Dessert 9,50 (\u00e0 la carte prijs)<\/strong><\/p>\n<p>Pat\u00e9 \u00e0 choux met spicy softijs en caramel beurre sal\u00e9<\/p>\n<p>Chocoladetaart met nootmuskaat<\/p>\n<p>Affogato met spicy softijs<\/p>\n<p style=\"text-align: center;\"><strong>KAAS 11,50<\/strong><\/p>\n<p><\/p>","protected":false},"excerpt":{"rendered":"<p>LUNCH &amp; DINER vanaf 12.00 BROOD (12.00 tot 16.00) Garnalenkroketten met knolselderij remoulade en toast 14,50 Porchetta met mosterd, kappertjes [&hellip;]<\/p>\n","protected":false},"author":1,"featured_media":777,"parent":0,"menu_order":0,"comment_status":"closed","ping_status":"closed","template":"page-nohome.php","meta":{"footnotes":""},"class_list":["post-118","page","type-page","status-publish","has-post-thumbnail","hentry"],"_links":{"self":[{"href":"https:\/\/cafecenc.nl\/site\/wp-json\/wp\/v2\/pages\/118","targetHints":{"allow":["GET"]}}],"collection":[{"href":"https:\/\/cafecenc.nl\/site\/wp-json\/wp\/v2\/pages"}],"about":[{"href":"https:\/\/cafecenc.nl\/site\/wp-json\/wp\/v2\/types\/page"}],"author":[{"embeddable":true,"href":"https:\/\/cafecenc.nl\/site\/wp-json\/wp\/v2\/users\/1"}],"replies":[{"embeddable":true,"href":"https:\/\/cafecenc.nl\/site\/wp-json\/wp\/v2\/comments?post=118"}],"version-history":[{"count":130,"href":"https:\/\/cafecenc.nl\/site\/wp-json\/wp\/v2\/pages\/118\/revisions"}],"predecessor-version":[{"id":812,"href":"https:\/\/cafecenc.nl\/site\/wp-json\/wp\/v2\/pages\/118\/revisions\/812"}],"wp:featuredmedia":[{"embeddable":true,"href":"https:\/\/cafecenc.nl\/site\/wp-json\/wp\/v2\/media\/777"}],"wp:attachment":[{"href":"https:\/\/cafecenc.nl\/site\/wp-json\/wp\/v2\/media?parent=118"}],"curies":[{"name":"wp","href":"https:\/\/api.w.org\/{rel}","templated":true}]}}